{"id":12,"date":"2019-06-20T16:29:20","date_gmt":"2019-06-20T16:29:20","guid":{"rendered":"https:\/\/ecstatic-buck.212-227-31-248.plesk.page\/?p=12"},"modified":"2023-09-27T12:34:00","modified_gmt":"2023-09-27T12:34:00","slug":"services","status":"publish","type":"page","link":"https:\/\/ecstatic-buck.212-227-31-248.plesk.page\/?page_id=12","title":{"rendered":"\u00dcber Uns"},"content":{"rendered":"<div>Perspektive F\u00fcr<br \/>\nDigitale Unternehmerswelt<\/div>\n<h1>Sie nennen uns Ihre Ziele, wir erreichen diese!<\/h1>\n<div>\n<p>        <img decoding=\"async\" src=\"\/wp-content\/uploads\/2023\/09\/AdobeStock_609878205-1-1-scaled-1.jpeg\" alt=\"\"><\/p>\n<h2>Weitblick<\/h2>\n<div>Wir sagen Ihnen immer offen und ehrlich, was wir k\u00f6nnen und auch was nicht. F\u00fcr uns ist wichtig, dass die Beziehungen zwischen unseren Kunden und uns auf Augenh\u00f6he stattfinden. Gesch\u00e4ftsbeziehungen m\u00fcssen nach unserer Auffassung nicht ausschlie\u00dflich sachlich und schon gar nicht trocken sein. Wir m\u00f6chten f\u00fcr unsere Kunden mehr sein als nur der IT-Fritze, der immer nur dann auf der Bildfl\u00e4che auftaucht, wenn nix mehr geht. Wir stehen voll und ganz hinter dem, was wir tun und was wir sind. Wir sind nicht in Details verliebt, dennoch geht Richtigkeit immer vor Geschwindigkeit. Nur wenn wir zu unserem Wort stehen k\u00f6nnen, geben wir Ihnen dieses, und zwar immer verbindlich. Sobald wir f\u00fcr Sie t\u00e4tig werden, passiert dies mit absoluter Leidenschaft und Entschlossenheit. Darauf geben wir Ihnen unser Wort.<\/div>\n<\/div>\n<div>\n<p>        <img decoding=\"async\" src=\"\/wp-content\/uploads\/2023\/09\/AdobeStock_217763111-scaled-1.jpeg\" alt=\"\"><\/p>\n<h2>Erfahrung<\/h2>\n<div>Dazu sind drei Dinge notwendig: Erfahrung, Weitblick und IT-Know How. Genau das macht uns aus. Erfahrung bringt solide, zuverl\u00e4ssige L\u00f6sungen. Weitblick hilft dabei, langfristig erfolgreiche L\u00f6sungen f\u00fcr Kunden zu entwickeln und IT-Know How ist die Basis, mit der wir unseren Kunden den Weg in die digitale Zukunft ebnen. Unser Ziel Erkl\u00e4rtes Unternehmensziel ist es, mit einer hohen Flexibilit\u00e4t, kundenspezifisch und l\u00f6sungsorientiert zu agieren und damit hervorragende Leistungen f\u00fcr unsere Kunden zu erbringen. Wir setzen dabei auf die hohe Motivation und Zuverl\u00e4ssigkeit unserer Mitarbeiter, die durch kontinuierliche Schulungen ihre aktuelle Fachkompetenz erweitern und sichern.<\/p>\n<p>Eine systematische Handlungsweise, gepaart mit hoher Leistungsbereitschaft und Leistungsf\u00e4higkeit bietet unseren Kunden den gr\u00f6\u00dftm\u00f6glichen Nutzen und sichert dauerhaft Erfolg im Unternehmen. Auf unsere Erfahrung k\u00f6nnen Sie z\u00e4hlen.<\/p><\/div>\n<\/div>\n<div>DONE FAST, DONE RIGHT\n<\/div>\n<h2>Was wir f\u00fcr Sie tun<br \/>\n<\/h2>\n<div>Entdecken Sie unser erstklassiges Dienstleistuntgsportfolio, was uns zu ihrem perfekten Partner macht.\n<\/div>\n<ul>\n<li>\n<p>        <img decoding=\"async\" src=\"\/wp-content\/uploads\/yootheme\/services-icon-01.svg\" alt=\"\"><\/p>\n<h3>Cloud Adoption<\/h3>\n<div>Steigen Sie mit unserem Cloud Adoption Service nahtlos in die Cloud ein und profitieren Sie von optimierten Prozessen, h\u00f6herer Sicherheit und flexibler Skalierbarkeit f\u00fcr Ihren Erfolg. Entfesseln Sie Ihr volles Potenzial in der Cloud!\n<\/div>\n<\/li>\n<li>\n<p>        <img decoding=\"async\" src=\"\/wp-content\/uploads\/yootheme\/services-icon-02.svg\" alt=\"\"><\/p>\n<h3>Cloud Migration<\/h3>\n<div>Cloud Migration leicht gemacht \u2013 mit unserem Service. Nahtlose Umstellung in die Cloud f\u00fcr Ihr Unternehmen. Vertrauen Sie auf unsere Expertise, w\u00e4hrend Sie Ihr Kerngesch\u00e4ft vorantreiben. Erfolgreiche Cloud Migration!\n<\/div>\n<\/li>\n<li>\n<p>        <img decoding=\"async\" src=\"\/wp-content\/uploads\/yootheme\/services-icon-03.svg\" alt=\"\"><\/p>\n<h3>SAP Services and Solutions<\/h3>\n<div>Das volle Potenzial von SAP nutzen \u2013 mit unseren SAP-Services und -L\u00f6sungen. Maximieren Sie Effizienz und optimieren Sie Ihr SAP-\u00d6kosystem. Reibungslose Integration und ma\u00dfgeschneiderte L\u00f6sungen. St\u00e4rken Sie Ihr Unternehmen mit SAP.\n<\/div>\n<\/li>\n<li>\n<p>        <img decoding=\"async\" src=\"\/wp-content\/uploads\/yootheme\/services-icon-04.svg\" alt=\"\"><\/p>\n<h3>Security<\/h3>\n<div>Maximale Sicherheit f\u00fcr Ihr Unternehmen \u2013 mit unserem IT Security Service. Modernste Technologie und umfassender Schutz vor Bedrohungen. Konzentrieren Sie sich auf Ihr Gesch\u00e4ft, wir k\u00fcmmern uns um Ihre Sicherheit.\n<\/div>\n<\/li>\n<li>\n<p>        <img decoding=\"async\" src=\"\/wp-content\/uploads\/yootheme\/services-icon-05.svg\" alt=\"\"><\/p>\n<h3>Consulting Services<\/h3>\n<div>Gemeinsam zum Erfolg \u2013 mit unseren Consulting Services. Fachkompetenz und Erfahrung f\u00fcr ma\u00dfgeschneiderte L\u00f6sungen. Von der Analyse bis zur Umsetzung begleiten wir Sie. Erstklassige Beratung f\u00fcr nachhaltigen Fortschritt.\n<\/div>\n<\/li>\n<li>\n<p>        <img decoding=\"async\" src=\"\/wp-content\/uploads\/yootheme\/services-icon-06.svg\" alt=\"\"><\/p>\n<h3>Professional Services<\/h3>\n<div>Ihr Schl\u00fcssel zum Erfolg. Verlassen Sie sich auf unser erfahrenes Team von Fachleuten, um erstklassige L\u00f6sungen f\u00fcr Ihre gesch\u00e4ftlichen Herausforderungen zu liefern. Von der Planung bis zur Implementierung stehen wir Ihnen zur Seite, um Ihren Erfolg zu sichern und Ihre Ziele zu \u00fcbertreffen.\n<\/div>\n<\/li>\n<li>\n<p>        <img decoding=\"async\" src=\"\/wp-content\/uploads\/yootheme\/services-icon-04.svg\" alt=\"\"><\/p>\n<h3>Workplace Management<\/h3>\n<div>Effizientes Workplace Management f\u00fcr optimale Produktivit\u00e4t. Inspirierende und motivierende Arbeitsumgebung. Ma\u00dfgeschneiderte L\u00f6sungen von Raumplanung bis Technologieintegration. Steigern Sie die Produktivit\u00e4t Ihres Teams.\n<\/div>\n<\/li>\n<li>\n<p>        <img decoding=\"async\" src=\"\/wp-content\/uploads\/yootheme\/services-icon-06.svg\" alt=\"\"><\/p>\n<h3>Networking<\/h3>\n<div>Vernetzung, die verbindet \u2013 mit unseren Networking-L\u00f6sungen. Leistungsstarke Netzwerke f\u00fcr reibungslose Kommunikation. Expertenteam f\u00fcr Planung, Implementierung und Optimierung. Kommunikation auf dem n\u00e4chsten Level.\n<\/div>\n<\/li>\n<\/ul>\n<p><!--more--><br \/>\n<!-- {\"name\":\"Services\",\"type\":\"layout\",\"children\":[{\"name\":\"Get started\",\"type\":\"section\",\"props\":{\"animation\":\"slide-top\",\"image\":\"wp-content\\\/uploads\\\/2023\\\/09\\\/AdobeStock_501814786-scaled-1.jpeg\",\"image_position\":\"center-center\",\"image_size\":\"cover\",\"image_width\":\"2560\",\"media_overlay\":\"rgba(254, 250, 250, 0.86)\",\"padding\":\"large\",\"style\":\"default\",\"title_breakpoint\":\"xl\",\"title_position\":\"top-left\",\"title_rotation\":\"left\",\"vertical_align\":\"middle\",\"width\":\"default\"},\"children\":[{\"type\":\"row\",\"props\":{\"column_gap\":\"collapse\",\"layout\":\"1-2,1-2\",\"row_gap\":\"collapse\",\"width\":\"default\"},\"children\":[{\"type\":\"column\",\"props\":{\"image_position\":\"center-center\",\"position_sticky_breakpoint\":\"m\",\"width_medium\":\"1-2\"},\"children\":[{\"type\":\"text\",\"props\":{\"block_align\":\"center\",\"column_breakpoint\":\"m\",\"content\":\"Perspektive F\\u00fcr\\nDigitale Unternehmerswelt\",\"margin\":\"default\",\"margin_remove_top\":true,\"maxwidth\":\"xlarge\",\"text_align\":\"center\",\"text_color\":\"primary\"}},{\"type\":\"headline\",\"props\":{\"block_align\":\"center\",\"content\":\"Sie nennen uns Ihre Ziele, wir erreichen diese!\",\"margin_remove_bottom\":false,\"margin_remove_top\":false,\"text_align\":\"center\",\"title_element\":\"h1\"}}]},{\"type\":\"column\",\"props\":{\"image_position\":\"center-center\",\"position_sticky_breakpoint\":\"m\",\"width_medium\":\"1-2\"}}]}]},{\"name\":\"About us\",\"type\":\"section\",\"props\":{\"animation\":\"fade\",\"image_effect\":\"fixed\",\"image_fixed\":true,\"image_position\":\"center-center\",\"image_size\":\"cover\",\"style\":\"default\",\"title_breakpoint\":\"xl\",\"title_position\":\"top-left\",\"title_rotation\":\"left\",\"vertical_align\":\"middle\",\"width\":\"default\"},\"children\":[{\"type\":\"row\",\"props\":{\"margin\":\"large\"},\"children\":[{\"type\":\"column\",\"props\":{\"image_position\":\"center-center\",\"position_sticky_breakpoint\":\"m\",\"width_medium\":\"1-1\"}}]},{\"type\":\"row\",\"props\":{\"column_gap\":\"large\",\"layout\":\"1-2,1-2\",\"margin\":\"large\",\"row_gap\":\"large\"},\"children\":[{\"type\":\"column\",\"props\":{\"image_position\":\"center-center\",\"position_sticky_breakpoint\":\"m\",\"width_medium\":\"1-2\"},\"children\":[{\"type\":\"panel\",\"props\":{\"content\":\"Wir sagen Ihnen immer offen und ehrlich, was wir k\\u00f6nnen und auch was nicht. F\\u00fcr uns ist wichtig, dass die Beziehungen zwischen unseren Kunden und uns auf Augenh\\u00f6he stattfinden. Gesch\\u00e4ftsbeziehungen m\\u00fcssen nach unserer Auffassung nicht ausschlie\\u00dflich sachlich und schon gar nicht trocken sein. Wir m\\u00f6chten f\\u00fcr unsere Kunden mehr sein als nur der IT-Fritze, der immer nur dann auf der Bildfl\\u00e4che auftaucht, wenn nix mehr geht. Wir stehen voll und ganz hinter dem, was wir tun und was wir sind. Wir sind nicht in Details verliebt, dennoch geht Richtigkeit immer vor Geschwindigkeit. Nur wenn wir zu unserem Wort stehen k\\u00f6nnen, geben wir Ihnen dieses, und zwar immer verbindlich. Sobald wir f\\u00fcr Sie t\\u00e4tig werden, passiert dies mit absoluter Leidenschaft und Entschlossenheit. Darauf geben wir Ihnen unser Wort.\",\"content_column_breakpoint\":\"m\",\"icon_width\":80,\"image\":\"wp-content\\\/uploads\\\/2023\\\/09\\\/AdobeStock_609878205-1-1-scaled-1.jpeg\",\"image_align\":\"top\",\"image_grid_breakpoint\":\"m\",\"image_grid_width\":\"1-2\",\"image_svg_color\":\"emphasis\",\"link_style\":\"default\",\"link_text\":\"Read more\",\"margin\":\"default\",\"meta_align\":\"below-title\",\"meta_element\":\"div\",\"meta_style\":\"text-meta\",\"title\":\"Weitblick\",\"title_align\":\"top\",\"title_element\":\"h2\",\"title_grid_breakpoint\":\"m\",\"title_grid_width\":\"1-2\",\"title_hover_style\":\"reset\",\"title_style\":\"h3\"}}]},{\"type\":\"column\",\"props\":{\"image_position\":\"center-center\",\"position_sticky_breakpoint\":\"m\",\"width_medium\":\"1-2\"},\"children\":[{\"type\":\"panel\",\"props\":{\"content\":\"Dazu sind drei Dinge notwendig: Erfahrung, Weitblick und IT-Know How. Genau das macht uns aus. Erfahrung bringt solide, zuverl\\u00e4ssige L\\u00f6sungen. Weitblick hilft dabei, langfristig erfolgreiche L\\u00f6sungen f\\u00fcr Kunden zu entwickeln und IT-Know How ist die Basis, mit der wir unseren Kunden den Weg in die digitale Zukunft ebnen. Unser Ziel Erkl\\u00e4rtes Unternehmensziel ist es, mit einer hohen Flexibilit\\u00e4t, kundenspezifisch und l\\u00f6sungsorientiert zu agieren und damit hervorragende Leistungen f\\u00fcr unsere Kunden zu erbringen. Wir setzen dabei auf die hohe Motivation und Zuverl\\u00e4ssigkeit unserer Mitarbeiter, die durch kontinuierliche Schulungen ihre aktuelle Fachkompetenz erweitern und sichern.\\n\\nEine systematische Handlungsweise, gepaart mit hoher Leistungsbereitschaft und Leistungsf\\u00e4higkeit bietet unseren Kunden den gr\\u00f6\\u00dftm\\u00f6glichen Nutzen und sichert dauerhaft Erfolg im Unternehmen. Auf unsere Erfahrung k\\u00f6nnen Sie z\\u00e4hlen.\",\"content_align\":false,\"content_column_breakpoint\":\"m\",\"content_dropcap\":false,\"icon_width\":80,\"image\":\"wp-content\\\/uploads\\\/2023\\\/09\\\/AdobeStock_217763111-scaled-1.jpeg\",\"image_align\":\"top\",\"image_grid_breakpoint\":\"m\",\"image_grid_width\":\"1-2\",\"image_svg_color\":\"emphasis\",\"link_style\":\"default\",\"link_text\":\"Read more\",\"margin\":\"default\",\"meta_align\":\"below-title\",\"meta_element\":\"div\",\"meta_style\":\"text-meta\",\"title\":\"Erfahrung\",\"title_align\":\"top\",\"title_element\":\"h2\",\"title_grid_breakpoint\":\"m\",\"title_grid_width\":\"1-2\",\"title_hover_style\":\"reset\",\"title_style\":\"h3\"}}]}]}]},{\"name\":\"Features\",\"type\":\"section\",\"props\":{\"animation\":\"fade\",\"image_position\":\"center-center\",\"image_size\":\"cover\",\"padding\":\"large\",\"style\":\"default\",\"title_breakpoint\":\"xl\",\"title_position\":\"top-left\",\"title_rotation\":\"left\",\"vertical_align\":\"middle\",\"width\":\"small\"},\"children\":[{\"type\":\"row\",\"children\":[{\"type\":\"column\",\"props\":{\"image_position\":\"center-center\",\"position_sticky_breakpoint\":\"m\",\"width_medium\":\"1-1\"},\"children\":[{\"type\":\"headline\",\"props\":{\"content\":\"DONE FAST, DONE RIGHT\\n\",\"text_align\":\"center\",\"title_color\":\"primary\",\"title_element\":\"div\",\"title_style\":\"h6\"}},{\"type\":\"headline\",\"props\":{\"content\":\"Was wir f\\u00fcr Sie tun\\n\",\"text_align\":\"center\",\"title_element\":\"h2\",\"title_style\":\"h1\"}},{\"type\":\"text\",\"props\":{\"block_align\":\"center\",\"column_breakpoint\":\"m\",\"content\":\"Entdecken Sie unser erstklassiges Dienstleistuntgsportfolio, was uns zu ihrem perfekten Partner macht.\\n\",\"margin\":\"default\",\"maxwidth\":\"xlarge\",\"text_align\":\"center\"}},{\"type\":\"grid\",\"props\":{\"content_column_breakpoint\":\"m\",\"filter_align\":\"left\",\"filter_all\":true,\"filter_grid_breakpoint\":\"m\",\"filter_grid_width\":\"auto\",\"filter_position\":\"top\",\"filter_style\":\"tab\",\"grid_default\":\"1\",\"grid_medium\":\"\",\"grid_small\":\"2\",\"icon_ratio\":4,\"icon_width\":80,\"image_align\":\"top\",\"image_grid_breakpoint\":\"m\",\"image_grid_width\":\"1-2\",\"image_svg_animate\":true,\"image_svg_color\":\"primary\",\"image_svg_inline\":true,\"item_animation\":true,\"link_style\":\"default\",\"link_text\":\"Read more\",\"margin\":\"default\",\"meta_align\":\"below-title\",\"meta_element\":\"div\",\"meta_style\":\"text-meta\",\"parallax_easing\":\"1\",\"show_content\":true,\"show_image\":true,\"show_link\":true,\"show_meta\":true,\"show_title\":true,\"text_align\":\"center\",\"title_align\":\"top\",\"title_element\":\"h3\",\"title_grid_breakpoint\":\"m\",\"title_grid_width\":\"1-2\",\"title_hover_style\":\"reset\",\"title_style\":\"h5\"},\"children\":[{\"type\":\"grid_item\",\"props\":{\"content\":\"Steigen Sie mit unserem Cloud Adoption Service nahtlos in die Cloud ein und profitieren Sie von optimierten Prozessen, h\\u00f6herer Sicherheit und flexibler Skalierbarkeit f\\u00fcr Ihren Erfolg. Entfesseln Sie Ihr volles Potenzial in der Cloud!\\n\",\"image\":\"wp-content\\\/uploads\\\/yootheme\\\/services-icon-01.svg\",\"title\":\"Cloud Adoption\"}},{\"type\":\"grid_item\",\"props\":{\"content\":\"Cloud Migration leicht gemacht \\u2013 mit unserem Service. Nahtlose Umstellung in die Cloud f\\u00fcr Ihr Unternehmen. Vertrauen Sie auf unsere Expertise, w\\u00e4hrend Sie Ihr Kerngesch\\u00e4ft vorantreiben. Erfolgreiche Cloud Migration!\\n\",\"image\":\"wp-content\\\/uploads\\\/yootheme\\\/services-icon-02.svg\",\"title\":\"Cloud Migration\"}},{\"type\":\"grid_item\",\"props\":{\"content\":\"Das volle Potenzial von SAP nutzen \\u2013 mit unseren SAP-Services und -L\\u00f6sungen. Maximieren Sie Effizienz und optimieren Sie Ihr SAP-\\u00d6kosystem. Reibungslose Integration und ma\\u00dfgeschneiderte L\\u00f6sungen. St\\u00e4rken Sie Ihr Unternehmen mit SAP.\\n\",\"image\":\"wp-content\\\/uploads\\\/yootheme\\\/services-icon-03.svg\",\"title\":\"SAP Services and Solutions\"}},{\"type\":\"grid_item\",\"props\":{\"content\":\"Maximale Sicherheit f\\u00fcr Ihr Unternehmen \\u2013 mit unserem IT Security Service. Modernste Technologie und umfassender Schutz vor Bedrohungen. Konzentrieren Sie sich auf Ihr Gesch\\u00e4ft, wir k\\u00fcmmern uns um Ihre Sicherheit.\\n\",\"image\":\"wp-content\\\/uploads\\\/yootheme\\\/services-icon-04.svg\",\"title\":\"Security\"}},{\"type\":\"grid_item\",\"props\":{\"content\":\"Gemeinsam zum Erfolg \\u2013 mit unseren Consulting Services. Fachkompetenz und Erfahrung f\\u00fcr ma\\u00dfgeschneiderte L\\u00f6sungen. Von der Analyse bis zur Umsetzung begleiten wir Sie. Erstklassige Beratung f\\u00fcr nachhaltigen Fortschritt.\\n\",\"image\":\"wp-content\\\/uploads\\\/yootheme\\\/services-icon-05.svg\",\"title\":\"Consulting Services\"}},{\"type\":\"grid_item\",\"props\":{\"content\":\"Ihr Schl\\u00fcssel zum Erfolg. Verlassen Sie sich auf unser erfahrenes Team von Fachleuten, um erstklassige L\\u00f6sungen f\\u00fcr Ihre gesch\\u00e4ftlichen Herausforderungen zu liefern. Von der Planung bis zur Implementierung stehen wir Ihnen zur Seite, um Ihren Erfolg zu sichern und Ihre Ziele zu \\u00fcbertreffen.\\n\",\"image\":\"wp-content\\\/uploads\\\/yootheme\\\/services-icon-06.svg\",\"title\":\"Professional Services\"}},{\"type\":\"grid_item\",\"props\":{\"content\":\"Effizientes Workplace Management f\\u00fcr optimale Produktivit\\u00e4t. Inspirierende und motivierende Arbeitsumgebung. Ma\\u00dfgeschneiderte L\\u00f6sungen von Raumplanung bis Technologieintegration. Steigern Sie die Produktivit\\u00e4t Ihres Teams.\\n\",\"image\":\"wp-content\\\/uploads\\\/yootheme\\\/services-icon-04.svg\",\"title\":\"Workplace Management\"}},{\"type\":\"grid_item\",\"props\":{\"content\":\"Vernetzung, die verbindet \\u2013 mit unseren Networking-L\\u00f6sungen. Leistungsstarke Netzwerke f\\u00fcr reibungslose Kommunikation. Expertenteam f\\u00fcr Planung, Implementierung und Optimierung. Kommunikation auf dem n\\u00e4chsten Level.\\n\",\"image\":\"wp-content\\\/uploads\\\/yootheme\\\/services-icon-06.svg\",\"title\":\"Networking\"}}]}]}]}]}],\"version\":\"4.0.11\"} --><\/p>\n","protected":false},"excerpt":{"rendered":"<p>Perspektive F\u00fcr Digitale Unternehmerswelt Sie nennen uns Ihre Ziele, wir erreichen diese! Weitblick Wir sagen Ihnen immer offen und ehrlich, was wir k\u00f6nnen und auch was nicht. F\u00fcr uns ist wichtig, dass die Beziehungen zwischen unseren Kunden und uns auf Augenh\u00f6he stattfinden. Gesch\u00e4ftsbeziehungen m\u00fcssen nach unserer Auffassung nicht ausschlie\u00dflich sachlich und schon gar nicht trocken [&hellip;]<\/p>\n","protected":false},"author":1,"featured_media":0,"parent":0,"menu_order":1,"comment_status":"open","ping_status":"open","template":"","meta":{"footnotes":""},"class_list":["post-12","page","type-page","status-publish","hentry"],"acf":[],"_links":{"self":[{"href":"https:\/\/ecstatic-buck.212-227-31-248.plesk.page\/index.php?rest_route=\/wp\/v2\/pages\/12","targetHints":{"allow":["GET"]}}],"collection":[{"href":"https:\/\/ecstatic-buck.212-227-31-248.plesk.page\/index.php?rest_route=\/wp\/v2\/pages"}],"about":[{"href":"https:\/\/ecstatic-buck.212-227-31-248.plesk.page\/index.php?rest_route=\/wp\/v2\/types\/page"}],"author":[{"embeddable":true,"href":"https:\/\/ecstatic-buck.212-227-31-248.plesk.page\/index.php?rest_route=\/wp\/v2\/users\/1"}],"replies":[{"embeddable":true,"href":"https:\/\/ecstatic-buck.212-227-31-248.plesk.page\/index.php?rest_route=%2Fwp%2Fv2%2Fcomments&post=12"}],"version-history":[{"count":6,"href":"https:\/\/ecstatic-buck.212-227-31-248.plesk.page\/index.php?rest_route=\/wp\/v2\/pages\/12\/revisions"}],"predecessor-version":[{"id":1145,"href":"https:\/\/ecstatic-buck.212-227-31-248.plesk.page\/index.php?rest_route=\/wp\/v2\/pages\/12\/revisions\/1145"}],"wp:attachment":[{"href":"https:\/\/ecstatic-buck.212-227-31-248.plesk.page\/index.php?rest_route=%2Fwp%2Fv2%2Fmedia&parent=12"}],"curies":[{"name":"wp","href":"https:\/\/api.w.org\/{rel}","templated":true}]}}