{"id":2,"date":"2019-06-20T16:29:20","date_gmt":"2019-06-20T16:29:20","guid":{"rendered":"https:\/\/ecstatic-buck.212-227-31-248.plesk.page\/?p=2"},"modified":"2023-09-27T11:44:35","modified_gmt":"2023-09-27T11:44:35","slug":"company","status":"publish","type":"page","link":"https:\/\/ecstatic-buck.212-227-31-248.plesk.page\/?page_id=2","title":{"rendered":"Company"},"content":{"rendered":"<h1>Arbeite mit uns!<br \/>\n<\/h1>\n<h1>We Want You<br \/>\n<\/h1>\n<p><img decoding=\"async\" src=\"\/wp-content\/uploads\/yootheme\/home-specs.jpg\" alt=\"\"><\/p>\n<h2>Warum Exa 3 als Arbeitgeber?<br \/>\n<\/h2>\n<div>Automatisierung als auch Digitalisierung nehmen weiterhin ihren Lauf und die Komplexit\u00e4t der IT-Systeme sowie ihre Abh\u00e4ngigkeiten zueinander wachsen stetig. Die Bedeutung von Qualit\u00e4t und weitreichende Expertise nimmt in hohem Ausma\u00df zu. Wir verstehen uns in dem Zuge als enger, vertrauensw\u00fcrdiger Partner f\u00fcr Unternehmen, die sich im technologischen Wandel befinden. Mit Dir und Deinem Talent wollen wir diesen Fortschritt vorantreiben und die Digitale Transformation gestalten. Unser breitgef\u00e4chertes Dienstleistungs-Portfolio bietet dabei gro\u00dfartige spannende M\u00f6glichkeiten, Dein Know-How einzusetzen und Dich weiterzuentwickeln.\n<\/div>\n<div>Erfahre mehr \u00fcber Deine Vorteile bei Exa 3:<\/div>\n<ul>\n<li>\n<h3>Pers\u00f6nliche Entwicklung<\/h3>\n<div>Deine pers\u00f6nliche Entwicklung ist ein Teil unserer Unternehmensstrategie. Trainee-Programme, ein strukturierter Onboarding-Prozess und viele Weiterbildungsangebote machen Dich und uns erfolgreich.<\/p>\n<\/div>\n<\/li>\n<li>\n<h3>Viel Zeit f\u00fcr Dich<\/h3>\n<div>Das Stichwort Work-Life-Balance hat bei uns hohen Stellenwert. Wir schaffen Dir die entsprechenden Rahmenbedingungen f\u00fcr flexible Arbeitszeit- und Karrieremodelle.<\/p>\n<\/div>\n<\/li>\n<li>\n<h3>B\u00fcroblick, der inspiriert<\/h3>\n<div>Ans\u00e4ssig im markanten Kallmorgentower in Hamburg, bieten wir Dir einen hochmodernen B\u00fcroplatz mit einer einzigartigen inspirierenden Arbeitsatmosph\u00e4re und atemberaubenden Ausblick auf die sch\u00f6ne Stadt Hamburg.<\/p>\n<\/div>\n<\/li>\n<li>\n<h3>Flache Hierarchien<\/h3>\n<div>\u00dcber unsere Kommunikation &#8220;auf Augenh\u00f6he&#8221; hinaus, setzt unsere agile Organisationsstruktur auf Eigeninitiative und -verantwortung. Mit deinen Ideen und Entscheidungen spielst Du eine entscheidende Rolle in der Gestaltung des Unternehmens.<\/p>\n<\/div>\n<\/li>\n<li>\n<h3>Bonus<\/h3>\n<div>Engagement und Resultate werden bei uns besonders belohnt. Durch die Erreichung von Teamzielen werden Boni ausgezahlt. Wie diese aussehen, wird gemeinschaftlich entschieden.<\/p>\n<\/div>\n<\/li>\n<li>\n<h3>Soziales Engagement<\/h3>\n<div>Bei uns unterst\u00fctzt Du automatisch einen guten Zweck. Denn wir spenden j\u00e4hrlich einen prozentualen Anteil unseres Umsatzes an bestimmte gemeinn\u00fctzige Organisationen.<\/p>\n<\/div>\n<\/li>\n<\/ul>\n<h2>Wir stellen ein:<\/h2>\n<div>Du liebst die Herausforderung, Dinge anders anzugehen und Deine Kreativit\u00e4t zu steigern und dabei einen echten Mehrwert zu schaffen? <\/p>\n<p>Dann bist Du bei uns genau richtig.<\/p>\n<p>Werde ein Teil unseres hochinnovativen Teams und lass uns gemeinsam die Consulting-Branche ver\u00e4ndern.<\/p><\/div>\n<table>\n<tbody>\n<tr>\n<td>IT Projektleiter (w\/m\/d)<\/td>\n<td>Vollzeit<\/td>\n<td>\n        <a href=\"#\">Bewerben<\/a>\n    <\/td>\n<\/tr>\n<tr>\n<td>IT System Engineer (w\/m\/d) Network<\/td>\n<td>Vollzeit<\/td>\n<td>\n        <a href=\"#\">Bewerben<\/a>\n    <\/td>\n<\/tr>\n<tr>\n<td>IT Servicetechniker Onsite Support (w\/m\/d)<\/td>\n<td>Vollzeit<\/td>\n<td>\n        <a href=\"#\">Bewerben<\/a>\n    <\/td>\n<\/tr>\n<\/tbody>\n<\/table>\n<p><!--more--><br \/>\n<!-- {\"name\":\"Company\",\"type\":\"layout\",\"children\":[{\"type\":\"section\",\"props\":{\"image_position\":\"center-center\",\"style\":\"default\",\"title_breakpoint\":\"xl\",\"title_position\":\"top-left\",\"title_rotation\":\"left\",\"vertical_align\":\"middle\",\"width\":\"default\"},\"children\":[{\"type\":\"row\",\"props\":{\"layout\":\"1-2,1-2\"},\"children\":[{\"type\":\"column\",\"props\":{\"image_position\":\"center-center\",\"position_sticky_breakpoint\":\"m\",\"width_medium\":\"1-2\"},\"children\":[{\"type\":\"headline\",\"props\":{\"content\":\"Arbeite mit uns!\\n\",\"title_element\":\"h1\",\"title_font_family\":\"primary\",\"title_style\":\"h6\"}},{\"type\":\"headline\",\"props\":{\"content\":\"We Want You\\n\",\"title_element\":\"h1\",\"title_font_family\":\"primary\",\"title_style\":\"heading-large\"}}]},{\"type\":\"column\",\"props\":{\"image_position\":\"center-center\",\"position_sticky_breakpoint\":\"m\",\"width_medium\":\"1-2\"},\"children\":[{\"type\":\"image\",\"props\":{\"image\":\"wp-content\\\/uploads\\\/yootheme\\\/home-specs.jpg\",\"image_svg_color\":\"emphasis\",\"margin\":\"default\"}}]}]}]},{\"name\":\"Contact\",\"type\":\"section\",\"props\":{\"animation\":\"fade\",\"image_position\":\"center-center\",\"image_size\":\"cover\",\"padding\":\"large\",\"style\":\"muted\",\"title_breakpoint\":\"xl\",\"title_position\":\"top-left\",\"title_rotation\":\"left\",\"vertical_align\":\"middle\",\"width\":\"default\"},\"children\":[{\"type\":\"row\",\"props\":{\"layout\":\"1-2,1-2\",\"margin\":\"xlarge\"},\"children\":[{\"type\":\"column\",\"props\":{\"image_position\":\"center-center\",\"position_sticky_breakpoint\":\"m\",\"width_medium\":\"1-2\"},\"children\":[{\"type\":\"headline\",\"props\":{\"content\":\"Warum Exa 3 als Arbeitgeber?\\n\",\"title_element\":\"h2\"}},{\"type\":\"text\",\"props\":{\"column_breakpoint\":\"m\",\"content\":\"Automatisierung als auch Digitalisierung nehmen weiterhin ihren Lauf und die Komplexit\\u00e4t der IT-Systeme sowie ihre Abh\\u00e4ngigkeiten zueinander wachsen stetig. Die Bedeutung von Qualit\\u00e4t und weitreichende Expertise nimmt in hohem Ausma\\u00df zu. Wir verstehen uns in dem Zuge als enger, vertrauensw\\u00fcrdiger Partner f\\u00fcr Unternehmen, die sich im technologischen Wandel befinden. Mit Dir und Deinem Talent wollen wir diesen Fortschritt vorantreiben und die Digitale Transformation gestalten. Unser breitgef\\u00e4chertes Dienstleistungs-Portfolio bietet dabei gro\\u00dfartige spannende M\\u00f6glichkeiten, Dein Know-How einzusetzen und Dich weiterzuentwickeln.\\n\",\"margin\":\"default\"}}]},{\"type\":\"column\",\"props\":{\"image_position\":\"center-center\",\"position_sticky_breakpoint\":\"m\",\"width_medium\":\"1-2\"},\"children\":[{\"type\":\"headline\",\"props\":{\"content\":\"Erfahre mehr \\u00fcber Deine Vorteile bei Exa 3:\",\"title_element\":\"div\",\"title_style\":\"h2\"}},{\"type\":\"accordion\",\"props\":{\"collapsible\":true,\"content_column_breakpoint\":\"m\",\"image_align\":\"top\",\"image_grid_breakpoint\":\"m\",\"image_grid_width\":\"1-2\",\"image_svg_color\":\"emphasis\",\"link_style\":\"default\",\"link_text\":\"Read more\",\"show_image\":true,\"show_link\":true,\"title_element\":\"h3\"},\"children\":[{\"type\":\"accordion_item\",\"props\":{\"content\":\"Deine pers\\u00f6nliche Entwicklung ist ein Teil unserer Unternehmensstrategie. Trainee-Programme, ein strukturierter Onboarding-Prozess und viele Weiterbildungsangebote machen Dich und uns erfolgreich.\\n\\n\",\"title\":\"Pers\\u00f6nliche Entwicklung\"}},{\"type\":\"accordion_item\",\"props\":{\"content\":\"Das Stichwort Work-Life-Balance hat bei uns hohen Stellenwert. Wir schaffen Dir die entsprechenden Rahmenbedingungen f\\u00fcr flexible Arbeitszeit- und Karrieremodelle.\\n\\n\",\"title\":\"Viel Zeit f\\u00fcr Dich\"}},{\"type\":\"accordion_item\",\"props\":{\"content\":\"Ans\\u00e4ssig im markanten Kallmorgentower in Hamburg, bieten wir Dir einen hochmodernen B\\u00fcroplatz mit einer einzigartigen inspirierenden Arbeitsatmosph\\u00e4re und atemberaubenden Ausblick auf die sch\\u00f6ne Stadt Hamburg.\\n\\n\",\"title\":\"B\\u00fcroblick, der inspiriert\"}},{\"type\":\"accordion_item\",\"props\":{\"content\":\"\\u00dcber unsere Kommunikation \\\"auf Augenh\\u00f6he\\\" hinaus, setzt unsere agile Organisationsstruktur auf Eigeninitiative und -verantwortung. Mit deinen Ideen und Entscheidungen spielst Du eine entscheidende Rolle in der Gestaltung des Unternehmens.\\n\\n\",\"title\":\"Flache Hierarchien\"}},{\"type\":\"accordion_item\",\"props\":{\"content\":\"Engagement und Resultate werden bei uns besonders belohnt. Durch die Erreichung von Teamzielen werden Boni ausgezahlt. Wie diese aussehen, wird gemeinschaftlich entschieden.\\n\\n\\n\",\"title\":\"Bonus\"}},{\"type\":\"accordion_item\",\"props\":{\"content\":\"Bei uns unterst\\u00fctzt Du automatisch einen guten Zweck. Denn wir spenden j\\u00e4hrlich einen prozentualen Anteil unseres Umsatzes an bestimmte gemeinn\\u00fctzige Organisationen.\\n\\n\\n\\n\",\"title\":\"Soziales Engagement\"}}]}]}]}]},{\"name\":\"Clients\",\"type\":\"section\",\"props\":{\"animation\":\"fade\",\"image_position\":\"center-center\",\"image_size\":\"cover\",\"padding\":\"large\",\"style\":\"default\",\"title_breakpoint\":\"xl\",\"title_position\":\"top-left\",\"title_rotation\":\"left\",\"vertical_align\":\"middle\",\"width\":\"default\"},\"children\":[{\"type\":\"row\",\"props\":{\"layout\":\"1-4,3-4\"},\"children\":[{\"type\":\"column\",\"props\":{\"image_position\":\"center-center\",\"position_sticky_breakpoint\":\"m\",\"width_medium\":\"1-4\"},\"children\":[{\"type\":\"headline\",\"props\":{\"content\":\"Wir stellen ein:\",\"title_element\":\"h2\",\"title_style\":\"h3\"}},{\"type\":\"text\",\"props\":{\"column_breakpoint\":\"m\",\"content\":\"Du liebst die Herausforderung, Dinge anders anzugehen und Deine Kreativit\\u00e4t zu steigern und dabei einen echten Mehrwert zu schaffen? <br \/>\\n\\nDann bist Du bei uns genau richtig.<br \/>\\n\\n\\nWerde ein Teil unseres hochinnovativen Teams und lass uns gemeinsam die Consulting-Branche ver\\u00e4ndern.\",\"margin\":\"large\"}}]},{\"type\":\"column\",\"props\":{\"image_position\":\"center-center\",\"position_sticky_breakpoint\":\"m\",\"width_medium\":\"3-4\"},\"children\":[{\"type\":\"table\",\"props\":{\"image_svg_color\":\"emphasis\",\"link_style\":\"default\",\"link_text\":\"Read more\",\"meta_style\":\"text-meta\",\"show_content\":true,\"show_image\":true,\"show_link\":true,\"show_meta\":true,\"show_title\":true,\"table_order\":\"1\",\"table_responsive\":\"overflow\",\"table_style\":\"divider\",\"table_width_meta\":\"shrink\",\"table_width_title\":\"shrink\"},\"children\":[{\"type\":\"table_item\",\"props\":{\"content\":\"Vollzeit\",\"link\":\"#\",\"link_text\":\"Bewerben\",\"title\":\"IT Projektleiter (w\\\/m\\\/d)\"}},{\"type\":\"table_item\",\"props\":{\"content\":\"Vollzeit\",\"link\":\"#\",\"link_text\":\"Bewerben\",\"title\":\"IT System Engineer (w\\\/m\\\/d) Network\"}},{\"type\":\"table_item\",\"props\":{\"content\":\"Vollzeit\",\"link\":\"#\",\"link_text\":\"Bewerben\",\"title\":\"IT Servicetechniker Onsite Support (w\\\/m\\\/d)\"}}]}]}]}]}],\"version\":\"4.0.11\"} --><\/p>\n","protected":false},"excerpt":{"rendered":"<p>Arbeite mit uns! We Want You Warum Exa 3 als Arbeitgeber? Automatisierung als auch Digitalisierung nehmen weiterhin ihren Lauf und die Komplexit\u00e4t der IT-Systeme sowie ihre Abh\u00e4ngigkeiten zueinander wachsen stetig. Die Bedeutung von Qualit\u00e4t und weitreichende Expertise nimmt in hohem Ausma\u00df zu. Wir verstehen uns in dem Zuge als enger, vertrauensw\u00fcrdiger Partner f\u00fcr Unternehmen, die [&hellip;]<\/p>\n","protected":false},"author":1,"featured_media":0,"parent":0,"menu_order":5,"comment_status":"open","ping_status":"open","template":"","meta":{"footnotes":""},"class_list":["post-2","page","type-page","status-publish","hentry"],"acf":[],"_links":{"self":[{"href":"https:\/\/ecstatic-buck.212-227-31-248.plesk.page\/index.php?rest_route=\/wp\/v2\/pages\/2","targetHints":{"allow":["GET"]}}],"collection":[{"href":"https:\/\/ecstatic-buck.212-227-31-248.plesk.page\/index.php?rest_route=\/wp\/v2\/pages"}],"about":[{"href":"https:\/\/ecstatic-buck.212-227-31-248.plesk.page\/index.php?rest_route=\/wp\/v2\/types\/page"}],"author":[{"embeddable":true,"href":"https:\/\/ecstatic-buck.212-227-31-248.plesk.page\/index.php?rest_route=\/wp\/v2\/users\/1"}],"replies":[{"embeddable":true,"href":"https:\/\/ecstatic-buck.212-227-31-248.plesk.page\/index.php?rest_route=%2Fwp%2Fv2%2Fcomments&post=2"}],"version-history":[{"count":4,"href":"https:\/\/ecstatic-buck.212-227-31-248.plesk.page\/index.php?rest_route=\/wp\/v2\/pages\/2\/revisions"}],"predecessor-version":[{"id":1136,"href":"https:\/\/ecstatic-buck.212-227-31-248.plesk.page\/index.php?rest_route=\/wp\/v2\/pages\/2\/revisions\/1136"}],"wp:attachment":[{"href":"https:\/\/ecstatic-buck.212-227-31-248.plesk.page\/index.php?rest_route=%2Fwp%2Fv2%2Fmedia&parent=2"}],"curies":[{"name":"wp","href":"https:\/\/api.w.org\/{rel}","templated":true}]}}